{"id":11735,"date":"2026-05-07T19:23:06","date_gmt":"2026-05-07T18:23:06","guid":{"rendered":"https:\/\/goodbalancedfood.com\/?post_type=product&#038;p=11735"},"modified":"2026-05-14T18:38:48","modified_gmt":"2026-05-14T17:38:48","slug":"sniadania-na-dobry-dzien","status":"publish","type":"product","link":"https:\/\/goodbalancedfood.com\/en\/product\/sniadania-na-dobry-dzien\/","title":{"rendered":"\u015aniadania na dobry dzie\u0144 | Ebook"},"content":{"rendered":"<p>\u015aniadanie to pierwszy posi\u0142ek w ci\u0105gu dnia i cz\u0119sto to, co zjesz rano, wp\u0142ywa na to, jak b\u0119dziesz si\u0119 czu\u0107 przez kolejne reszt\u0119. Tutaj z pomoc\u0105 przychodzi moj e-book.<\/p>\n<p>Stworzy\u0142am zbi\u00f3r 40 przepis\u00f3w na \u015bniadania, kt\u00f3re s\u0105 nie tylko smaczne, ale przede wszystkim dobrze zbilansowane i od\u017cywcze. Znajdziesz tu zar\u00f3wno opcje s\u0142odkie, jak i wytrawne \u2013 wszystkie zaprojektowane tak, \u017ceby realnie Ci\u0119 nasyci\u0107 i pom\u00f3c utrzyma\u0107 stabilny poziom energii w ci\u0105gu dnia.<\/p>\n<p>E-book ten rozwi\u0105zuje codzienny problem:<br \/>\nCo zje\u015b\u0107 na \u015bniadanie, \u017ceby by\u0142o od\u017cywczo, szybko i bez nudy? A tak wszystko masz pod r\u0119k\u0105 w jednym miejscu.<\/p>\n<p>Co zyskujesz?<\/p>\n<p>\u2022 pomys\u0142y na od\u017cywcze \u015bniadania zawieraj\u0105ce ponad 20g bia\u0142ka w porcji (zdecydowana wi\u0119kszo\u015b\u0107 przepis\u00f3w)<\/p>\n<p>\u2022 przepisy na \u015bniadania, kt\u00f3re syc\u0105 i pomagaj\u0105 utrzyma\u0107 stabilny poziom energii w ci\u0105gu dnia<\/p>\n<p>\u2022 wi\u0119ksz\u0105 r\u00f3\u017cnorodno\u015b\u0107, koniec z nud\u0105 i jedzeniem w k\u00f3\u0142ko tego samego<\/p>\n<p>\u2022 spokojniejsze poranki \u2013 wi\u0119kszo\u015b\u0107 przepis\u00f3w mo\u017cesz przygotowa\u0107 dzie\u0144 wcze\u015bniej<\/p>\n<p>\u2022 \u0142atwiejsz\u0105 kontrol\u0119 nad tym, co jesz, dzi\u0119ki podanym kaloriom i makrosk\u0142adnikom<\/p>\n<p>\u2022 ograniczenie podjadania w ci\u0105gu dnia<\/p>","protected":false},"excerpt":{"rendered":"<p>\u015aniadanie to pierwszy posi\u0142ek w ci\u0105gu dnia i cz\u0119sto to, co zjesz rano, wp\u0142ywa na to, jak b\u0119dziesz si\u0119 czu\u0107 przez kolejne reszt\u0119. Tutaj z pomoc\u0105 przychodzi moj e-book. Stworzy\u0142am zbi\u00f3r 40 przepis\u00f3w na \u015bniadania, kt\u00f3re s\u0105 nie tylko smaczne, ale przede wszystkim dobrze zbilansowane i od\u017cywcze. Znajdziesz tu zar\u00f3wno opcje s\u0142odkie, jak i wytrawne [&hellip;]<\/p>\n","protected":false},"featured_media":11740,"comment_status":"open","ping_status":"closed","template":"","meta":{"wprm-recipe-roundup-name":"","wprm-recipe-roundup-description":"","_monsterinsights_skip_tracking":false,"_monsterinsights_sitenote_active":false,"_monsterinsights_sitenote_note":"","_monsterinsights_sitenote_category":0},"product_brand":[],"product_cat":[1667],"product_tag":[],"class_list":{"0":"post-11735","1":"product","2":"type-product","3":"status-publish","4":"has-post-thumbnail","6":"product_cat-bez-kategorii","8":"first","9":"instock","10":"downloadable","11":"virtual","12":"purchasable","13":"product-type-simple"},"yoast_head":"<!-- This site is optimized with the Yoast SEO plugin v27.6 - https:\/\/yoast.com\/product\/yoast-seo-wordpress\/ -->\n<title>\u015aniadania na dobry dzie\u0144 | Ebook - Zdrowe przepisy dla ka\u017cdego<\/title>\n<meta name=\"robots\" content=\"index, follow, max-snippet:-1, max-image-preview:large, max-video-preview:-1\" \/>\n<link rel=\"canonical\" href=\"https:\/\/goodbalancedfood.com\/en\/product\/sniadania-na-dobry-dzien\/\" \/>\n<meta property=\"og:locale\" content=\"en_US\" \/>\n<meta property=\"og:type\" content=\"article\" \/>\n<meta property=\"og:title\" content=\"\u015aniadania na dobry dzie\u0144 | Ebook - Zdrowe przepisy dla ka\u017cdego\" \/>\n<meta property=\"og:description\" content=\"\u015aniadanie to pierwszy posi\u0142ek w ci\u0105gu dnia i cz\u0119sto to, co zjesz rano, wp\u0142ywa na to, jak b\u0119dziesz si\u0119 czu\u0107 przez kolejne reszt\u0119. Tutaj z pomoc\u0105 przychodzi moj e-book. Stworzy\u0142am zbi\u00f3r 40 przepis\u00f3w na \u015bniadania, kt\u00f3re s\u0105 nie tylko smaczne, ale przede wszystkim dobrze zbilansowane i od\u017cywcze. Znajdziesz tu zar\u00f3wno opcje s\u0142odkie, jak i wytrawne [&hellip;]\" \/>\n<meta property=\"og:url\" content=\"https:\/\/goodbalancedfood.com\/en\/product\/sniadania-na-dobry-dzien\/\" \/>\n<meta property=\"og:site_name\" content=\"Zdrowe przepisy dla ka\u017cdego\" \/>\n<meta property=\"article:modified_time\" content=\"2026-05-14T17:38:48+00:00\" \/>\n<meta property=\"og:image\" content=\"https:\/\/goodbalancedfood.com\/wp-content\/uploads\/2026\/05\/sniadania-na-dobry-dzien.webp\" \/>\n\t<meta property=\"og:image:width\" content=\"600\" \/>\n\t<meta property=\"og:image:height\" content=\"851\" \/>\n\t<meta property=\"og:image:type\" content=\"image\/webp\" \/>\n<meta name=\"twitter:card\" content=\"summary_large_image\" \/>\n<meta name=\"twitter:label1\" content=\"Est. reading time\" \/>\n\t<meta name=\"twitter:data1\" content=\"2 minutes\" \/>\n<script type=\"application\/ld+json\" class=\"yoast-schema-graph\">{\"@context\":\"https:\\\/\\\/schema.org\",\"@graph\":[{\"@type\":\"WebPage\",\"@id\":\"https:\\\/\\\/goodbalancedfood.com\\\/product\\\/sniadania-na-dobry-dzien\\\/\",\"url\":\"https:\\\/\\\/goodbalancedfood.com\\\/product\\\/sniadania-na-dobry-dzien\\\/\",\"name\":\"\u015aniadania na dobry dzie\u0144 | Ebook - Zdrowe przepisy dla ka\u017cdego\",\"isPartOf\":{\"@id\":\"https:\\\/\\\/goodbalancedfood.com\\\/#website\"},\"primaryImageOfPage\":{\"@id\":\"https:\\\/\\\/goodbalancedfood.com\\\/product\\\/sniadania-na-dobry-dzien\\\/#primaryimage\"},\"image\":{\"@id\":\"https:\\\/\\\/goodbalancedfood.com\\\/product\\\/sniadania-na-dobry-dzien\\\/#primaryimage\"},\"thumbnailUrl\":\"https:\\\/\\\/i0.wp.com\\\/goodbalancedfood.com\\\/wp-content\\\/uploads\\\/2026\\\/05\\\/sniadania-na-dobry-dzien.webp?fit=600%2C851&ssl=1\",\"datePublished\":\"2026-05-07T18:23:06+00:00\",\"dateModified\":\"2026-05-14T17:38:48+00:00\",\"breadcrumb\":{\"@id\":\"https:\\\/\\\/goodbalancedfood.com\\\/product\\\/sniadania-na-dobry-dzien\\\/#breadcrumb\"},\"inLanguage\":\"en-US\",\"potentialAction\":[{\"@type\":\"ReadAction\",\"target\":[\"https:\\\/\\\/goodbalancedfood.com\\\/product\\\/sniadania-na-dobry-dzien\\\/\"]}]},{\"@type\":\"ImageObject\",\"inLanguage\":\"en-US\",\"@id\":\"https:\\\/\\\/goodbalancedfood.com\\\/product\\\/sniadania-na-dobry-dzien\\\/#primaryimage\",\"url\":\"https:\\\/\\\/i0.wp.com\\\/goodbalancedfood.com\\\/wp-content\\\/uploads\\\/2026\\\/05\\\/sniadania-na-dobry-dzien.webp?fit=600%2C851&ssl=1\",\"contentUrl\":\"https:\\\/\\\/i0.wp.com\\\/goodbalancedfood.com\\\/wp-content\\\/uploads\\\/2026\\\/05\\\/sniadania-na-dobry-dzien.webp?fit=600%2C851&ssl=1\",\"width\":600,\"height\":851,\"caption\":\"sniadania na dobry dzien\"},{\"@type\":\"BreadcrumbList\",\"@id\":\"https:\\\/\\\/goodbalancedfood.com\\\/product\\\/sniadania-na-dobry-dzien\\\/#breadcrumb\",\"itemListElement\":[{\"@type\":\"ListItem\",\"position\":1,\"name\":\"Home\",\"item\":\"https:\\\/\\\/goodbalancedfood.com\\\/\"},{\"@type\":\"ListItem\",\"position\":2,\"name\":\"Shop\",\"item\":\"https:\\\/\\\/goodbalancedfood.com\\\/shop\\\/\"},{\"@type\":\"ListItem\",\"position\":3,\"name\":\"\u015aniadania na dobry dzie\u0144 | Ebook\"}]},{\"@type\":\"WebSite\",\"@id\":\"https:\\\/\\\/goodbalancedfood.com\\\/#website\",\"url\":\"https:\\\/\\\/goodbalancedfood.com\\\/\",\"name\":\"Zdrowe przepisy dla ka\u017cdego\",\"description\":\"Eat healthy, be healthy!\",\"publisher\":{\"@id\":\"https:\\\/\\\/goodbalancedfood.com\\\/#organization\"},\"potentialAction\":[{\"@type\":\"SearchAction\",\"target\":{\"@type\":\"EntryPoint\",\"urlTemplate\":\"https:\\\/\\\/goodbalancedfood.com\\\/?s={search_term_string}\"},\"query-input\":{\"@type\":\"PropertyValueSpecification\",\"valueRequired\":true,\"valueName\":\"search_term_string\"}}],\"inLanguage\":\"en-US\"},{\"@type\":\"Organization\",\"@id\":\"https:\\\/\\\/goodbalancedfood.com\\\/#organization\",\"name\":\"Zdrowe przepisy dla ka\u017cdego\",\"url\":\"https:\\\/\\\/goodbalancedfood.com\\\/\",\"logo\":{\"@type\":\"ImageObject\",\"inLanguage\":\"en-US\",\"@id\":\"https:\\\/\\\/goodbalancedfood.com\\\/#\\\/schema\\\/logo\\\/image\\\/\",\"url\":\"https:\\\/\\\/i0.wp.com\\\/goodbalancedfood.com\\\/wp-content\\\/uploads\\\/2020\\\/10\\\/Logo-white-out-line-transparent.png?fit=600%2C250&ssl=1\",\"contentUrl\":\"https:\\\/\\\/i0.wp.com\\\/goodbalancedfood.com\\\/wp-content\\\/uploads\\\/2020\\\/10\\\/Logo-white-out-line-transparent.png?fit=600%2C250&ssl=1\",\"width\":600,\"height\":250,\"caption\":\"Zdrowe przepisy dla ka\u017cdego\"},\"image\":{\"@id\":\"https:\\\/\\\/goodbalancedfood.com\\\/#\\\/schema\\\/logo\\\/image\\\/\"},\"sameAs\":[\"https:\\\/\\\/www.instagram.com\\\/goodbalancedfood\\\/\",\"https:\\\/\\\/uk.pinterest.com\\\/goodbalancedfood\\\/\",\"https:\\\/\\\/www.youtube.com\\\/@goodbalancedfood\\\/videos\"]}]}<\/script>\n<!-- \/ Yoast SEO plugin. -->","yoast_head_json":{"title":"\u015aniadania na dobry dzie\u0144 | Ebook - Zdrowe przepisy dla ka\u017cdego","robots":{"index":"index","follow":"follow","max-snippet":"max-snippet:-1","max-image-preview":"max-image-preview:large","max-video-preview":"max-video-preview:-1"},"canonical":"https:\/\/goodbalancedfood.com\/en\/product\/sniadania-na-dobry-dzien\/","og_locale":"en_US","og_type":"article","og_title":"\u015aniadania na dobry dzie\u0144 | Ebook - Zdrowe przepisy dla ka\u017cdego","og_description":"\u015aniadanie to pierwszy posi\u0142ek w ci\u0105gu dnia i cz\u0119sto to, co zjesz rano, wp\u0142ywa na to, jak b\u0119dziesz si\u0119 czu\u0107 przez kolejne reszt\u0119. Tutaj z pomoc\u0105 przychodzi moj e-book. Stworzy\u0142am zbi\u00f3r 40 przepis\u00f3w na \u015bniadania, kt\u00f3re s\u0105 nie tylko smaczne, ale przede wszystkim dobrze zbilansowane i od\u017cywcze. Znajdziesz tu zar\u00f3wno opcje s\u0142odkie, jak i wytrawne [&hellip;]","og_url":"https:\/\/goodbalancedfood.com\/en\/product\/sniadania-na-dobry-dzien\/","og_site_name":"Zdrowe przepisy dla ka\u017cdego","article_modified_time":"2026-05-14T17:38:48+00:00","og_image":[{"width":600,"height":851,"url":"https:\/\/goodbalancedfood.com\/wp-content\/uploads\/2026\/05\/sniadania-na-dobry-dzien.webp","type":"image\/webp"}],"twitter_card":"summary_large_image","twitter_misc":{"Est. reading time":"2 minutes"},"schema":{"@context":"https:\/\/schema.org","@graph":[{"@type":"WebPage","@id":"https:\/\/goodbalancedfood.com\/product\/sniadania-na-dobry-dzien\/","url":"https:\/\/goodbalancedfood.com\/product\/sniadania-na-dobry-dzien\/","name":"\u015aniadania na dobry dzie\u0144 | Ebook - Zdrowe przepisy dla ka\u017cdego","isPartOf":{"@id":"https:\/\/goodbalancedfood.com\/#website"},"primaryImageOfPage":{"@id":"https:\/\/goodbalancedfood.com\/product\/sniadania-na-dobry-dzien\/#primaryimage"},"image":{"@id":"https:\/\/goodbalancedfood.com\/product\/sniadania-na-dobry-dzien\/#primaryimage"},"thumbnailUrl":"https:\/\/i0.wp.com\/goodbalancedfood.com\/wp-content\/uploads\/2026\/05\/sniadania-na-dobry-dzien.webp?fit=600%2C851&ssl=1","datePublished":"2026-05-07T18:23:06+00:00","dateModified":"2026-05-14T17:38:48+00:00","breadcrumb":{"@id":"https:\/\/goodbalancedfood.com\/product\/sniadania-na-dobry-dzien\/#breadcrumb"},"inLanguage":"en-US","potentialAction":[{"@type":"ReadAction","target":["https:\/\/goodbalancedfood.com\/product\/sniadania-na-dobry-dzien\/"]}]},{"@type":"ImageObject","inLanguage":"en-US","@id":"https:\/\/goodbalancedfood.com\/product\/sniadania-na-dobry-dzien\/#primaryimage","url":"https:\/\/i0.wp.com\/goodbalancedfood.com\/wp-content\/uploads\/2026\/05\/sniadania-na-dobry-dzien.webp?fit=600%2C851&ssl=1","contentUrl":"https:\/\/i0.wp.com\/goodbalancedfood.com\/wp-content\/uploads\/2026\/05\/sniadania-na-dobry-dzien.webp?fit=600%2C851&ssl=1","width":600,"height":851,"caption":"sniadania na dobry dzien"},{"@type":"BreadcrumbList","@id":"https:\/\/goodbalancedfood.com\/product\/sniadania-na-dobry-dzien\/#breadcrumb","itemListElement":[{"@type":"ListItem","position":1,"name":"Home","item":"https:\/\/goodbalancedfood.com\/"},{"@type":"ListItem","position":2,"name":"Shop","item":"https:\/\/goodbalancedfood.com\/shop\/"},{"@type":"ListItem","position":3,"name":"\u015aniadania na dobry dzie\u0144 | Ebook"}]},{"@type":"WebSite","@id":"https:\/\/goodbalancedfood.com\/#website","url":"https:\/\/goodbalancedfood.com\/","name":"Healthy recipes for everyone","description":"Eat healthy, be healthy!","publisher":{"@id":"https:\/\/goodbalancedfood.com\/#organization"},"potentialAction":[{"@type":"SearchAction","target":{"@type":"EntryPoint","urlTemplate":"https:\/\/goodbalancedfood.com\/?s={search_term_string}"},"query-input":{"@type":"PropertyValueSpecification","valueRequired":true,"valueName":"search_term_string"}}],"inLanguage":"en-US"},{"@type":"Organization","@id":"https:\/\/goodbalancedfood.com\/#organization","name":"Healthy recipes for everyone","url":"https:\/\/goodbalancedfood.com\/","logo":{"@type":"ImageObject","inLanguage":"en-US","@id":"https:\/\/goodbalancedfood.com\/#\/schema\/logo\/image\/","url":"https:\/\/i0.wp.com\/goodbalancedfood.com\/wp-content\/uploads\/2020\/10\/Logo-white-out-line-transparent.png?fit=600%2C250&ssl=1","contentUrl":"https:\/\/i0.wp.com\/goodbalancedfood.com\/wp-content\/uploads\/2020\/10\/Logo-white-out-line-transparent.png?fit=600%2C250&ssl=1","width":600,"height":250,"caption":"Zdrowe przepisy dla ka\u017cdego"},"image":{"@id":"https:\/\/goodbalancedfood.com\/#\/schema\/logo\/image\/"},"sameAs":["https:\/\/www.instagram.com\/goodbalancedfood\/","https:\/\/uk.pinterest.com\/goodbalancedfood\/","https:\/\/www.youtube.com\/@goodbalancedfood\/videos"]}]}},"jetpack_sharing_enabled":true,"_links":{"self":[{"href":"https:\/\/goodbalancedfood.com\/en\/wp-json\/wp\/v2\/product\/11735","targetHints":{"allow":["GET"]}}],"collection":[{"href":"https:\/\/goodbalancedfood.com\/en\/wp-json\/wp\/v2\/product"}],"about":[{"href":"https:\/\/goodbalancedfood.com\/en\/wp-json\/wp\/v2\/types\/product"}],"replies":[{"embeddable":true,"href":"https:\/\/goodbalancedfood.com\/en\/wp-json\/wp\/v2\/comments?post=11735"}],"version-history":[{"count":5,"href":"https:\/\/goodbalancedfood.com\/en\/wp-json\/wp\/v2\/product\/11735\/revisions"}],"predecessor-version":[{"id":11758,"href":"https:\/\/goodbalancedfood.com\/en\/wp-json\/wp\/v2\/product\/11735\/revisions\/11758"}],"wp:featuredmedia":[{"embeddable":true,"href":"https:\/\/goodbalancedfood.com\/en\/wp-json\/wp\/v2\/media\/11740"}],"wp:attachment":[{"href":"https:\/\/goodbalancedfood.com\/en\/wp-json\/wp\/v2\/media?parent=11735"}],"wp:term":[{"taxonomy":"product_brand","embeddable":true,"href":"https:\/\/goodbalancedfood.com\/en\/wp-json\/wp\/v2\/product_brand?post=11735"},{"taxonomy":"product_cat","embeddable":true,"href":"https:\/\/goodbalancedfood.com\/en\/wp-json\/wp\/v2\/product_cat?post=11735"},{"taxonomy":"product_tag","embeddable":true,"href":"https:\/\/goodbalancedfood.com\/en\/wp-json\/wp\/v2\/product_tag?post=11735"}],"curies":[{"name":"wp","href":"https:\/\/api.w.org\/{rel}","templated":true}]}}